{"id":13457,"date":"2025-05-27T21:30:39","date_gmt":"2025-05-27T19:30:39","guid":{"rendered":"https:\/\/infrico.com\/acceso-cliente-registrado\/"},"modified":"2025-05-27T22:03:25","modified_gmt":"2025-05-27T20:03:25","slug":"acceso-cliente-registrado-en","status":"publish","type":"page","link":"https:\/\/infrico.com\/en\/acceso-cliente-registrado-en\/","title":{"rendered":"Registered customer access"},"content":{"rendered":"\n\t<div id=\"gap-1802777489\" class=\"gap-element clearfix hide-for-small\" style=\"display:block; height:auto;\">\n\t\t\n<style>\n#gap-1802777489 {\n  padding-top: 30px;\n}\n<\/style>\n\t<\/div>\n\t\n\n<div class=\"row row-large align-bottom\"  id=\"row-1086743485\">\n\n\n\t<div id=\"col-891433169\" class=\"col medium-8 small-12 large-8\"  >\n\t\t\t\t<div class=\"col-inner\"  >\n\t\t\t\n\t\t\t\n\n\t<div class=\"img has-hover x md-x lg-x y md-y lg-y\" id=\"image_2116117699\">\n\t\t\t\t\t\t\t\t<div class=\"img-inner dark\" >\n\t\t\t<img decoding=\"async\" width=\"1872\" height=\"1566\" src=\"https:\/\/infrico.com\/wp-content\/uploads\/2025\/05\/banner-pagina-contacto-1.jpg\" class=\"attachment-original size-original\" alt=\"\" srcset=\"https:\/\/infrico.com\/wp-content\/uploads\/2025\/05\/banner-pagina-contacto-1.jpg 1872w, https:\/\/infrico.com\/wp-content\/uploads\/2025\/05\/banner-pagina-contacto-1-247x207.jpg 247w, https:\/\/infrico.com\/wp-content\/uploads\/2025\/05\/banner-pagina-contacto-1-200x167.jpg 200w, https:\/\/infrico.com\/wp-content\/uploads\/2025\/05\/banner-pagina-contacto-1-510x427.jpg 510w, https:\/\/infrico.com\/wp-content\/uploads\/2025\/05\/banner-pagina-contacto-1-478x400.jpg 478w, https:\/\/infrico.com\/wp-content\/uploads\/2025\/05\/banner-pagina-contacto-1-956x800.jpg 956w, https:\/\/infrico.com\/wp-content\/uploads\/2025\/05\/banner-pagina-contacto-1-768x642.jpg 768w, https:\/\/infrico.com\/wp-content\/uploads\/2025\/05\/banner-pagina-contacto-1-1536x1285.jpg 1536w\" sizes=\"(max-width: 1872px) 100vw, 1872px\" \/>\t\t\t\t\t\t\n\t\t\t\t\t<\/div>\n\t\t\t\t\t\t\t\t\n<style>\n#image_2116117699 {\n  width: 100%;\n}\n<\/style>\n\t<\/div>\n\t\n\n\n\t\t<\/div>\n\t\t\t\t\t<\/div>\n\n\t\n\n\t<div id=\"col-658313439\" class=\"col medium-4 small-12 large-4\"  >\n\t\t\t\t<div class=\"col-inner\"  >\n\t\t\t\n\t\t\t\n\n<p>Gracias por registrarse<\/p>\n<p>En Infrico le daremos de alta en cuanto comprobemos los datos y le podamos asignar a su tarifa personaliza.<\/p>\n<p>Este proceso no deberia tardar mas de un d\u00eda laborable.<\/p>\n<p>Recibir\u00e1 un correo electr\u00f3nico a la direcci\u00f3n con la que se ha registrado indicandole que se le ha asignado adecuadamente a su cuenta de cliente Infrico y comenzar\u00e1 a ver los precios de los repuestos asi como la posibilidad de comprarlos.<\/p>\n\t<div id=\"gap-534963423\" class=\"gap-element clearfix\" style=\"display:block; height:auto;\">\n\t\t\n<style>\n#gap-534963423 {\n  padding-top: 20px;\n}\n<\/style>\n\t<\/div>\n\t\n\n<p>Si tiene cualquier duda contacte con nosotros en:<br \/>\nfjtrujillo@infrico.com<br \/>\n+34 957 51 30 68<\/p>\n\n\n\t\t<\/div>\n\t\t\t\t\t<\/div>\n\n\t\n\n<\/div>\n\n","protected":false},"excerpt":{"rendered":"","protected":false},"author":1,"featured_media":0,"parent":0,"menu_order":0,"comment_status":"closed","ping_status":"closed","template":"","meta":{"_acf_changed":false,"footnotes":""},"class_list":["post-13457","page","type-page","status-publish","hentry"],"acf":[],"yoast_head":"<!-- This site is optimized with the Yoast SEO plugin v27.3 - https:\/\/yoast.com\/product\/yoast-seo-wordpress\/ -->\n<title>Registered customer access - Infrico<\/title>\n<meta name=\"robots\" content=\"index, follow, max-snippet:-1, max-image-preview:large, max-video-preview:-1\" \/>\n<link rel=\"canonical\" href=\"https:\/\/infrico.com\/en\/acceso-cliente-registrado-en\/\" \/>\n<meta property=\"og:locale\" content=\"en_US\" \/>\n<meta property=\"og:type\" content=\"article\" \/>\n<meta property=\"og:title\" content=\"Registered customer access - Infrico\" \/>\n<meta property=\"og:url\" content=\"https:\/\/infrico.com\/en\/acceso-cliente-registrado-en\/\" \/>\n<meta property=\"og:site_name\" content=\"Infrico\" \/>\n<meta property=\"article:publisher\" content=\"https:\/\/www.facebook.com\/infrico\/\" \/>\n<meta property=\"article:modified_time\" content=\"2025-05-27T20:03:25+00:00\" \/>\n<meta name=\"twitter:card\" content=\"summary_large_image\" \/>\n<meta name=\"twitter:label1\" content=\"Est. reading time\" \/>\n\t<meta name=\"twitter:data1\" content=\"1 minute\" \/>\n<script type=\"application\/ld+json\" class=\"yoast-schema-graph\">{\"@context\":\"https:\\\/\\\/schema.org\",\"@graph\":[{\"@type\":\"WebPage\",\"@id\":\"https:\\\/\\\/infrico.com\\\/en\\\/acceso-cliente-registrado-en\\\/\",\"url\":\"https:\\\/\\\/infrico.com\\\/en\\\/acceso-cliente-registrado-en\\\/\",\"name\":\"Registered customer access - Infrico\",\"isPartOf\":{\"@id\":\"https:\\\/\\\/infrico.com\\\/#website\"},\"datePublished\":\"2025-05-27T19:30:39+00:00\",\"dateModified\":\"2025-05-27T20:03:25+00:00\",\"breadcrumb\":{\"@id\":\"https:\\\/\\\/infrico.com\\\/en\\\/acceso-cliente-registrado-en\\\/#breadcrumb\"},\"inLanguage\":\"en-US\",\"potentialAction\":[{\"@type\":\"ReadAction\",\"target\":[\"https:\\\/\\\/infrico.com\\\/en\\\/acceso-cliente-registrado-en\\\/\"]}]},{\"@type\":\"BreadcrumbList\",\"@id\":\"https:\\\/\\\/infrico.com\\\/en\\\/acceso-cliente-registrado-en\\\/#breadcrumb\",\"itemListElement\":[{\"@type\":\"ListItem\",\"position\":1,\"name\":\"Portada\",\"item\":\"https:\\\/\\\/infrico.com\\\/en\\\/\"},{\"@type\":\"ListItem\",\"position\":2,\"name\":\"Registered customer access\"}]},{\"@type\":\"WebSite\",\"@id\":\"https:\\\/\\\/infrico.com\\\/#website\",\"url\":\"https:\\\/\\\/infrico.com\\\/\",\"name\":\"Infrico\",\"description\":\"\",\"potentialAction\":[{\"@type\":\"SearchAction\",\"target\":{\"@type\":\"EntryPoint\",\"urlTemplate\":\"https:\\\/\\\/infrico.com\\\/?s={search_term_string}\"},\"query-input\":{\"@type\":\"PropertyValueSpecification\",\"valueRequired\":true,\"valueName\":\"search_term_string\"}}],\"inLanguage\":\"en-US\"}]}<\/script>\n<!-- \/ Yoast SEO plugin. -->","yoast_head_json":{"title":"Registered customer access - Infrico","robots":{"index":"index","follow":"follow","max-snippet":"max-snippet:-1","max-image-preview":"max-image-preview:large","max-video-preview":"max-video-preview:-1"},"canonical":"https:\/\/infrico.com\/en\/acceso-cliente-registrado-en\/","og_locale":"en_US","og_type":"article","og_title":"Registered customer access - Infrico","og_url":"https:\/\/infrico.com\/en\/acceso-cliente-registrado-en\/","og_site_name":"Infrico","article_publisher":"https:\/\/www.facebook.com\/infrico\/","article_modified_time":"2025-05-27T20:03:25+00:00","twitter_card":"summary_large_image","twitter_misc":{"Est. reading time":"1 minute"},"schema":{"@context":"https:\/\/schema.org","@graph":[{"@type":"WebPage","@id":"https:\/\/infrico.com\/en\/acceso-cliente-registrado-en\/","url":"https:\/\/infrico.com\/en\/acceso-cliente-registrado-en\/","name":"Registered customer access - Infrico","isPartOf":{"@id":"https:\/\/infrico.com\/#website"},"datePublished":"2025-05-27T19:30:39+00:00","dateModified":"2025-05-27T20:03:25+00:00","breadcrumb":{"@id":"https:\/\/infrico.com\/en\/acceso-cliente-registrado-en\/#breadcrumb"},"inLanguage":"en-US","potentialAction":[{"@type":"ReadAction","target":["https:\/\/infrico.com\/en\/acceso-cliente-registrado-en\/"]}]},{"@type":"BreadcrumbList","@id":"https:\/\/infrico.com\/en\/acceso-cliente-registrado-en\/#breadcrumb","itemListElement":[{"@type":"ListItem","position":1,"name":"Portada","item":"https:\/\/infrico.com\/en\/"},{"@type":"ListItem","position":2,"name":"Registered customer access"}]},{"@type":"WebSite","@id":"https:\/\/infrico.com\/#website","url":"https:\/\/infrico.com\/","name":"Infrico","description":"","potentialAction":[{"@type":"SearchAction","target":{"@type":"EntryPoint","urlTemplate":"https:\/\/infrico.com\/?s={search_term_string}"},"query-input":{"@type":"PropertyValueSpecification","valueRequired":true,"valueName":"search_term_string"}}],"inLanguage":"en-US"}]}},"_links":{"self":[{"href":"https:\/\/infrico.com\/en\/wp-json\/wp\/v2\/pages\/13457","targetHints":{"allow":["GET"]}}],"collection":[{"href":"https:\/\/infrico.com\/en\/wp-json\/wp\/v2\/pages"}],"about":[{"href":"https:\/\/infrico.com\/en\/wp-json\/wp\/v2\/types\/page"}],"author":[{"embeddable":true,"href":"https:\/\/infrico.com\/en\/wp-json\/wp\/v2\/users\/1"}],"replies":[{"embeddable":true,"href":"https:\/\/infrico.com\/en\/wp-json\/wp\/v2\/comments?post=13457"}],"version-history":[{"count":2,"href":"https:\/\/infrico.com\/en\/wp-json\/wp\/v2\/pages\/13457\/revisions"}],"predecessor-version":[{"id":13459,"href":"https:\/\/infrico.com\/en\/wp-json\/wp\/v2\/pages\/13457\/revisions\/13459"}],"wp:attachment":[{"href":"https:\/\/infrico.com\/en\/wp-json\/wp\/v2\/media?parent=13457"}],"curies":[{"name":"wp","href":"https:\/\/api.w.org\/{rel}","templated":true}]}}